{"id":2,"date":"2010-03-02T17:05:55","date_gmt":"2010-03-02T17:05:55","guid":{"rendered":"http:\/\/www.afro-beauty-salon.ch\/?page_id=2"},"modified":"2017-12-10T12:07:04","modified_gmt":"2017-12-10T12:07:04","slug":"eine-seite","status":"publish","type":"page","link":"https:\/\/afro-beauty-salon.ch\/","title":{"rendered":"Willkommen"},"content":{"rendered":"<p style=\"text-align: center;\">Willkommen beim<\/p>\n<h1 style=\"text-align: center;\"><span style=\"color: #800000;\">afro-beauty-salon<\/span><\/h1>\n<p style=\"text-align: center;\">f\u00fcr Afro Frisuren und Haarverl\u00e4ngerung &#8230;<\/p>\n<p>&nbsp;<\/p>\n<p style=\"text-align: center;\"><img loading=\"lazy\" decoding=\"async\" src=\"https:\/\/afro-beauty-salon.ch\/wp-content\/uploads\/image\/diverse foto\/home-bild.jpg\" alt=\"\" width=\"285\" height=\"360\"><\/p>\n<p style=\"text-align: center;\">Bei uns sind sie richtig.<\/p>\n<p style=\"text-align: center;\">Wir erf\u00fcllen ihnen ihren Wunsch.<\/p>\n","protected":false},"excerpt":{"rendered":"<p>Willkommen beim afro-beauty-salon f\u00fcr Afro Frisuren und Haarverl\u00e4ngerung &#8230; &nbsp; Bei uns sind sie richtig. Wir erf\u00fcllen ihnen ihren Wunsch.<\/p>\n","protected":false},"author":4,"featured_media":0,"parent":0,"menu_order":0,"comment_status":"open","ping_status":"open","template":"","meta":{"ngg_post_thumbnail":0,"footnotes":""},"class_list":["post-2","page","type-page","status-publish","hentry"],"_links":{"self":[{"href":"https:\/\/afro-beauty-salon.ch\/index.php?rest_route=\/wp\/v2\/pages\/2","targetHints":{"allow":["GET"]}}],"collection":[{"href":"https:\/\/afro-beauty-salon.ch\/index.php?rest_route=\/wp\/v2\/pages"}],"about":[{"href":"https:\/\/afro-beauty-salon.ch\/index.php?rest_route=\/wp\/v2\/types\/page"}],"author":[{"embeddable":true,"href":"https:\/\/afro-beauty-salon.ch\/index.php?rest_route=\/wp\/v2\/users\/4"}],"replies":[{"embeddable":true,"href":"https:\/\/afro-beauty-salon.ch\/index.php?rest_route=%2Fwp%2Fv2%2Fcomments&post=2"}],"version-history":[{"count":26,"href":"https:\/\/afro-beauty-salon.ch\/index.php?rest_route=\/wp\/v2\/pages\/2\/revisions"}],"predecessor-version":[{"id":307,"href":"https:\/\/afro-beauty-salon.ch\/index.php?rest_route=\/wp\/v2\/pages\/2\/revisions\/307"}],"wp:attachment":[{"href":"https:\/\/afro-beauty-salon.ch\/index.php?rest_route=%2Fwp%2Fv2%2Fmedia&parent=2"}],"curies":[{"name":"wp","href":"https:\/\/api.w.org\/{rel}","templated":true}]}}