{"id":477,"date":"2023-08-31T13:32:43","date_gmt":"2023-08-31T13:32:43","guid":{"rendered":"https:\/\/afro-beauty-salon.ch\/?page_id=477"},"modified":"2023-08-31T13:37:16","modified_gmt":"2023-08-31T13:37:16","slug":"impressum","status":"publish","type":"page","link":"https:\/\/afro-beauty-salon.ch\/?page_id=477","title":{"rendered":"Impressum"},"content":{"rendered":"<h1>Impressum<\/h1>\n<p><strong>Betreiber der Website<\/strong><\/p>\n<p><b>Afro Beauty Salon<br \/>\n<\/b>Sylvia Sandfuchs<b><br \/>\n<\/b>Bergstrasse 2<br \/>\n5210 Windisch<br \/>\n<b><\/b>Telefon: 056 221 85 08<br \/>\nMobile: 079 348 85 13<br \/>\nMobile: 076&nbsp;744&nbsp;52&nbsp;35<\/p>\n<p><strong>Haftungshinweis<\/strong><br \/>\nDer Inhalt dieser Webseiten wird mit gr\u00f6sstm\u00f6glicher Sorgfalt gepflegt.<br \/>\nTrotzdem wird f\u00fcr den Inhalt keine Haftung \u00fcbernommen. Druckfehler, Irrt\u00fcmer und \u00c4nderungen vorbehalten. Der Inhalt ist urheberrechtlich gesch\u00fctzt.<br \/>\nF\u00fcr die Inhalte externer Links \u00fcbernehmen wir keine Haftung.<br \/>\nF\u00fcr den Inhalt der verlinkten Seiten sind ausschliesslich deren Betreiber verantwortlich.<\/p>\n<p><strong>Webdesign<\/strong><br \/>\nSylvia Sandfuchs<b><br \/>\n<\/b>Bergstrasse 2<br \/>\n5210 Windisch<\/p>\n","protected":false},"excerpt":{"rendered":"<p>Impressum Betreiber der Website Afro Beauty Salon Sylvia Sandfuchs Bergstrasse 2 5210 Windisch Telefon: 056 221 85 08 Mobile: 079 348 85 13 Mobile: 076&nbsp;744&nbsp;52&nbsp;35 Haftungshinweis Der Inhalt dieser Webseiten wird mit gr\u00f6sstm\u00f6glicher Sorgfalt gepflegt. Trotzdem wird f\u00fcr den Inhalt keine Haftung \u00fcbernommen. Druckfehler, Irrt\u00fcmer und \u00c4nderungen vorbehalten. Der Inhalt ist urheberrechtlich gesch\u00fctzt. F\u00fcr die &hellip; <\/p>\n<p class=\"link-more\"><a href=\"https:\/\/afro-beauty-salon.ch\/?page_id=477\" class=\"more-link\"><span class=\"screen-reader-text\">\u201eImpressum\u201c <\/span>weiterlesen<\/a><\/p>\n","protected":false},"author":4,"featured_media":0,"parent":0,"menu_order":0,"comment_status":"closed","ping_status":"closed","template":"","meta":{"ngg_post_thumbnail":0,"footnotes":""},"class_list":["post-477","page","type-page","status-publish","hentry"],"_links":{"self":[{"href":"https:\/\/afro-beauty-salon.ch\/index.php?rest_route=\/wp\/v2\/pages\/477","targetHints":{"allow":["GET"]}}],"collection":[{"href":"https:\/\/afro-beauty-salon.ch\/index.php?rest_route=\/wp\/v2\/pages"}],"about":[{"href":"https:\/\/afro-beauty-salon.ch\/index.php?rest_route=\/wp\/v2\/types\/page"}],"author":[{"embeddable":true,"href":"https:\/\/afro-beauty-salon.ch\/index.php?rest_route=\/wp\/v2\/users\/4"}],"replies":[{"embeddable":true,"href":"https:\/\/afro-beauty-salon.ch\/index.php?rest_route=%2Fwp%2Fv2%2Fcomments&post=477"}],"version-history":[{"count":3,"href":"https:\/\/afro-beauty-salon.ch\/index.php?rest_route=\/wp\/v2\/pages\/477\/revisions"}],"predecessor-version":[{"id":485,"href":"https:\/\/afro-beauty-salon.ch\/index.php?rest_route=\/wp\/v2\/pages\/477\/revisions\/485"}],"wp:attachment":[{"href":"https:\/\/afro-beauty-salon.ch\/index.php?rest_route=%2Fwp%2Fv2%2Fmedia&parent=477"}],"curies":[{"name":"wp","href":"https:\/\/api.w.org\/{rel}","templated":true}]}}